{"id":134,"date":"2020-10-29T08:15:40","date_gmt":"2020-10-29T07:15:40","guid":{"rendered":"https:\/\/wordpress-staging.routhiau.fr\/?page_id=134"},"modified":"2023-01-02T08:40:31","modified_gmt":"2023-01-02T07:40:31","slug":"conditions-generales-de-vente-aux-professionnels","status":"publish","type":"page","link":"https:\/\/www.routhiau.fr\/cms\/conditions-generales-de-vente-aux-professionnels\/","title":{"rendered":"Conditions g\u00e9n\u00e9rales de vente aux professionnels"},"content":{"rendered":"\n<h2 class=\"wp-block-heading\">Article 1 &#8211; Champ d\u2019application<\/h2>\n\n\n\n<p>Les pr\u00e9sentes Conditions G\u00e9n\u00e9rales s\u2019appliquent aux ventes par la soci\u00e9t\u00e9 ROUTHIAU &amp; Fils de produits neufs aux clients professionnels ci-apr\u00e8s \u00ab&nbsp;le Client, l&rsquo;Acheteur ou l&rsquo;Acqu\u00e9reur&nbsp;\u00bb. Le fait de passer commande implique l\u2019adh\u00e9sion, sans aucune r\u00e9serve, du Client aux pr\u00e9sentes C.G.V, et ce nonobstant toute disposition contraire qui sera, \u00e0 d\u00e9faut d\u2019acceptation expresse, inopposable au Vendeur quel que soit le moment o\u00f9 elle aura pu \u00eatre port\u00e9e \u00e0 sa connaissance.<\/p>\n\n\n\n<p>Les pr\u00e9sentes C.G.V sont applicables pour tout achat directement en magasin, ainsi que pour toute commande pass\u00e9e en vue d\u2019un enl\u00e8vement ou d&rsquo;une livraison.<\/p>\n\n\n\n<p>Le Vendeur se r\u00e9serve le droit de modifier \u00e0 tout moment les pr\u00e9sentes Conditions G\u00e9n\u00e9rales de Vente.<\/p>\n\n\n\n<p>L\u2019auteur de l\u2019offre est la soci\u00e9t\u00e9 Routhiau &amp; Fils, Soci\u00e9t\u00e9 par Actions Simplifi\u00e9es au capital de 400 000\u20ac, dont le si\u00e8ge est situ\u00e9 au 2 Rue Blaise Pascal- LES CLOUZEAUX- 85430 AUBIGNY LES CLOUZEAUX, immatricul\u00e9e au Registre du Commerce et des Soci\u00e9t\u00e9s de la Roche sur Yon sous le num\u00e9ro 786&nbsp;443&nbsp;150, n\u00b0 de TVA intra-communautaire FR14&nbsp;786&nbsp;443&nbsp;150. Il sera d\u00e9sign\u00e9 ci-apr\u00e8s par \u00ab le Vendeur \u00bb, ou \u00ab&nbsp;le magasin du Vendeur&nbsp;\u00bb.<\/p>\n\n\n\n<p>Le Client professionnel d\u00e9clare avoir pris connaissance et accept\u00e9 les termes et conditions des pr\u00e9sentes C.G.V. \u00e0 la signature de son compte.<\/p>\n\n\n\n<h2 class=\"wp-block-heading\">Article 2 &#8211; Prix<\/h2>\n\n\n\n<p>Les prix de vente des produits s\u2019entendent Hors Taxes, en \u20acuros, hors frais de port, emballage et assurance, et tenant compte du taux de TVA applicable. Des frais de facturation sont appliqu\u00e9s \u00e0 chaque facture.<\/p>\n\n\n\n<p>Concernant la dur\u00e9e de validit\u00e9 des offres et prix sur le devis, ces derniers s\u2019entendent au cours du jour et sont r\u00e9visables en fonction des hausses \u00e0 venir.<\/p>\n\n\n\n<p>Le Vendeur se r\u00e9serve le droit de modifier sans pr\u00e9avis les prix en cours d\u2019ann\u00e9e. Les prix publics mentionn\u00e9s dans le catalogue (papier ou accessible en ligne) sont susceptibles de&nbsp;contenir d\u2019\u00e9ventuelles erreurs. De ce fait, seuls les prix mentionn\u00e9s sur les devis et\/ou factures sont contractuels.<\/p>\n\n\n\n<h2 class=\"wp-block-heading\">Article 3 &#8211; Paiement<\/h2>\n\n\n\n<p>Les factures sont payables en \u20acuros par tout mode de paiement convenu entre le Vendeur et le Client et mentionn\u00e9 sur la facture.<\/p>\n\n\n\n<p>En cas de paiement par lettre de change \u00e0 l\u2019acceptation, le Client est tenu de la retourner accept\u00e9e dans un d\u00e9lai maximum de 6 jours. Le Client ne peut faire \u00e9tat d&rsquo;un quelconque litige ou retour au titre de la garantie pour suspendre le paiement des produits. Le d\u00e9faut de retour de la lettre de change sera consid\u00e9r\u00e9 comme refus d&rsquo;acceptation assimilable \u00e0 un d\u00e9faut de paiement.<\/p>\n\n\n\n<p>Toute somme non pay\u00e9e \u00e0 l&rsquo;\u00e9ch\u00e9ance entra\u00eenera de plein droit, d\u00e8s le jour suivant, l&rsquo;application de p\u00e9nalit\u00e9s de retard calcul\u00e9es sur la base de 3 fois le taux d&rsquo;int\u00e9r\u00eat l\u00e9gal sur le montant total TTC de celle-ci, et ce sans qu&rsquo;il soit n\u00e9cessaire de proc\u00e9der \u00e0 une mise en demeure pr\u00e9alable du d\u00e9biteur.<\/p>\n\n\n\n<p>En vertu des dispositions de l\u2019article 1154 du Code Civil, les int\u00e9r\u00eats \u00e9chus au bout d\u2019un an produiront eux-m\u00eames des int\u00e9r\u00eats au taux conventionnel susvis\u00e9.<\/p>\n\n\n\n<p>Toute facture non r\u00e9gl\u00e9e \u00e0 son \u00e9ch\u00e9ance ouvrira droit, au profit du Vendeur, au versement d&rsquo;une indemnit\u00e9 fix\u00e9e forfaitairement \u00e0 10% du montant total TTC des sommes dues.<\/p>\n\n\n\n<p>En cas de d\u00e9faut de paiement, de d\u00e9t\u00e9rioration du cr\u00e9dit du Client, notamment de r\u00e9v\u00e9lation d\u2019un prot\u00eat ou d\u2019un nantissement sur son fonds, le Vendeur pourra justifier l&rsquo;exigence de garanties ou d&rsquo;un r\u00e8glement comptant, avant l&rsquo;ex\u00e9cution des commandes re\u00e7ues ou avant l&rsquo;\u00e9ch\u00e9ance des factures \u00e9mises. Le refus du Client de satisfaire aux garanties sollicit\u00e9es ouvre le droit au Vendeur de suspendre tout ou partie des commandes en cause.<\/p>\n\n\n\n<p>En cas de d\u00e9faut de paiement, le Vendeur pourra suspendre toutes les commandes en cours, sans pr\u00e9judice de tout autre recours contre le d\u00e9biteur d\u00e9faillant.<\/p>\n\n\n\n<p>En cas de d\u00e9faut de paiement 5 jours francs apr\u00e8s une mise en demeure rest\u00e9e infructueuse, la vente sera r\u00e9solue de plein droit si bon semble au Vendeur, qui pourra solliciter en r\u00e9f\u00e9r\u00e9 la restitution des produits sans pr\u00e9judice de tous autres dommages et int\u00e9r\u00eats.<\/p>\n\n\n\n<p>En application des dispositions des articles L.441-3 et D.441-5 du Code de Commerce, le Client professionnel sera de plein droit redevable, pour chaque facture impay\u00e9e, d\u2019une indemnit\u00e9 forfaitaire pour frais de recouvrement d\u2019un montant de 40 \u20acuros. Lorsque les frais de recouvrement expos\u00e9s seront sup\u00e9rieurs au montant de cette indemnit\u00e9 forfaitaire, le Vendeur pourra solliciter une indemnisation compl\u00e9mentaire, sur justification.<\/p>\n\n\n\n<h2 class=\"wp-block-heading\">Article 4 &#8211; Modification de la commande<\/h2>\n\n\n\n<p>Toute modification de la commande ne pourra \u00eatre prise en consid\u00e9ration, que si elle est parvenue par \u00e9crit au Vendeur (lettre, t\u00e9l\u00e9copie, courrier \u00e9lectronique) avant la commande par ce dernier des produits en cause aupr\u00e8s de son propre fournisseur. Aucune commande ne pourra \u00eatre r\u00e9sili\u00e9e \u00e0 compter de son acceptation d\u00e9finitive par le Vendeur.<\/p>\n\n\n\n<p>Les demandes de modifications ou r\u00e9siliations de commandes devront \u00eatre adress\u00e9es par l&rsquo;Acheteur \u00e0 l&rsquo;adresse suivante&nbsp;:<\/p>\n\n\n\n<p>Soci\u00e9t\u00e9 Routhiau &amp; Fils \u2013 2 Rue Blaise Pascal- LES CLOUZEAUX- 85430 AUBIGNY LES CLOUZEAUX,<\/p>\n\n\n\n<p>ou par courriel \u00e0 l\u2019interlocuteur en relation avec le Client, en rappelant la r\u00e9f\u00e9rence et la date de la commande, ou par t\u00e9l\u00e9copie.<\/p>\n\n\n\n<p>En cas de modification de la commande, le Vendeur ne sera plus tenu par les d\u00e9lais initialement convenus.<\/p>\n\n\n\n<h2 class=\"wp-block-heading\">Article 5 &#8211; Livraison<\/h2>\n\n\n\n<p>Les frais d\u2019emballage sp\u00e9ciaux, les frais de livraison par transporteur, ainsi que les frais pour livraison directe sur&nbsp;chantier sont support\u00e9s par l\u2019Acheteur. Nos prix s\u2019entendent d\u00e9part entrep\u00f4t en conditionnement d\u2019origine livr\u00e9 franco de port le jour de la tourn\u00e9e habituelle, pour un montant minimum de commande de 150\u20ac HT. En dessous de ce montant, participation aux frais de port en sus.<\/p>\n\n\n\n<p>Le Client s\u2019engage \u00e0 retirer les marchandises dans les 15 jours qui suivent le d\u00e9lai initialement requis de mise \u00e0 disposition lors de la commande. Pass\u00e9 ce d\u00e9lai, le Vendeur se r\u00e9serve la possibilit\u00e9 de facturer lesdites marchandises.<\/p>\n\n\n\n<p>Les d\u00e9lais de livraison sont donn\u00e9s \u00e0 titre indicatif. Ils sont fonction des possibilit\u00e9s d&rsquo;approvisionnement et de transport. Le Vendeur est autoris\u00e9 \u00e0 proc\u00e9der \u00e0 des livraisons globales ou partielles des produits. Les d\u00e9passements de d\u00e9lais ne peuvent donner lieu \u00e0 dommages et int\u00e9r\u00eats, \u00e0 retenues, ni \u00e0 annulation des commandes.<\/p>\n\n\n\n<h2 class=\"wp-block-heading\">Article 6 &#8211; Retour<\/h2>\n\n\n\n<p>Tout retour de produit doit faire l&rsquo;objet d&rsquo;un accord \u00e9crit et pr\u00e9alable entre le Vendeur et le Client. A d\u00e9faut, le produit retourn\u00e9 sera tenu \u00e0 disposition de l\u2019Acheteur sans pouvoir donner lieu \u00e0 remplacement ou avoir.<\/p>\n\n\n\n<p>Seules les marchandises neuves et livr\u00e9es depuis moins d\u2019un mois, non modifi\u00e9es, en parfait \u00e9tat, emball\u00e9es avec leur protection d\u2019origine peuvent faire l\u2019objet de retour de mat\u00e9riel. Toute marchandise retourn\u00e9e sera v\u00e9rifi\u00e9e pour validation.<\/p>\n\n\n\n<p>Pour des marchandises stock\u00e9es couramment qui auraient \u00e9t\u00e9 d\u00e9ball\u00e9es, des frais forfaitaires de 15% de reprise seront d\u00e9duits, en plus des frais de port et de manutention, remise en \u00e9tat et stockage. Pour des marchandises non stock\u00e9es, aucune reprise n\u2019est possible.<\/p>\n\n\n\n<h2 class=\"wp-block-heading\">Article 7 &#8211; Garantie commerciale<\/h2>\n\n\n\n<p>Pour toutes marchandises vendues, seule la garantie du fabricant est applicable.<\/p>\n\n\n\n<p>Il est rappel\u00e9 que le Vendeur n&rsquo;est pas le fabricant des produits pr\u00e9sent\u00e9s \u00e0 la vente, au sens de la loi n\u00b098-389 du 19 mai 1998 relative \u00e0 la responsabilit\u00e9 du fait des produits d\u00e9fectueux. Par cons\u00e9quent, en cas de dommages caus\u00e9s \u00e0 une personne ou \u00e0 un bien par un d\u00e9faut du produit, seule la responsabilit\u00e9 du fabricant de celui-ci pourra \u00eatre recherch\u00e9e par le Client.<\/p>\n\n\n\n<h2 class=\"wp-block-heading\">Article 8 &#8211; Produits\/recommandations d\u2019utilisation<\/h2>\n\n\n\n<p>Il est pr\u00e9cis\u00e9 que toutes photographies des produits propos\u00e9s \u00e0 la vente n&rsquo;ont aucune valeur contractuelle.<\/p>\n\n\n\n<p>Les bouteilles et r\u00e9cipients doivent \u00eatre manipul\u00e9s avec le plus grand soin, et ne doivent pas \u00eatre expos\u00e9s au soleil, \u00e0 proximit\u00e9 d\u2019une source de chaleur, ou stock\u00e9s \u00e0 grand froid. En raison du danger imm\u00e9diat pouvant en r\u00e9sulter, il est rappel\u00e9 qu\u2019il est strictement interdit de graisser les robinets, raccords, d\u00e9tendeurs ou autres pi\u00e8ces \u00e9quipant les r\u00e9cipients, ou bouteilles notamment de gaz. Les robinets doivent \u00eatre soigneusement referm\u00e9s apr\u00e8s chaque usage pour \u00e9viter les entr\u00e9es d\u2019air. Le Vendeur d\u00e9cline toute responsabilit\u00e9 en cas d\u2019accident r\u00e9sultant du non-respect des pr\u00e9sentes recommandations, ou de celles mentionn\u00e9es par le fabricant pour la manipulation et le stockage des produits en cause.<\/p>\n\n\n\n<h2 class=\"wp-block-heading\">Article 9 &#8211; R\u00e9serve de propri\u00e9t\u00e9<\/h2>\n\n\n\n<p>Le transfert de propri\u00e9t\u00e9 des produits est suspendu jusqu&rsquo;au complet paiement du prix de ceux-ci par le Client, en principal, int\u00e9r\u00eats, frais et accessoires. Toute clause contraire ins\u00e9r\u00e9e dans l\u2019un quelconque des documents du Client est r\u00e9put\u00e9e non \u00e9crite.<\/p>\n\n\n\n<p>Le client est autoris\u00e9, dans le cadre de l&rsquo;exploitation normale de son \u00e9tablissement \u00e0 revendre les produits livr\u00e9s. Mais il ne peut, ni les donner en gage, ni en transf\u00e9rer la propri\u00e9t\u00e9 ou les utiliser \u00e0 titre de garantie.<\/p>\n\n\n\n<p>En cas d&rsquo;ouverture d&rsquo;une proc\u00e9dure collective, le Client a l&rsquo;obligation d&rsquo;avertir le Vendeur, d&rsquo;informer les organes de la proc\u00e9dure de l&rsquo;existence de la clause sur les biens qui en font l&rsquo;objet et de communiquer la liste des acheteurs auxquels il les aurait revendus, et que le Vendeur se r\u00e9serve le droit de revendiquer. Tout acompte vers\u00e9 par le Client restera acquis au Vendeur au titre de premiers dommages et int\u00e9r\u00eats, sans pr\u00e9judice de toute autre demande qu\u2019il serait en droit d\u2019exercer \u00e0 son encontre.<\/p>\n\n\n\n<h2 class=\"wp-block-heading\">Article 10 &#8211; Litiges<\/h2>\n\n\n\n<p>\u00c0 d\u00e9faut de r\u00e8glement amiable du litige, sera seul comp\u00e9tent en cas de litige de toute nature ou de contestations relatives \u00e0 la formation, \u00e0 l&rsquo;interpr\u00e9tation, la validit\u00e9, ou l&rsquo;ex\u00e9cution, des pr\u00e9sentes Conditions G\u00e9n\u00e9rales de Vente ou des factures, le Tribunal de Commerce de LA ROCHE SUR YON (Vend\u00e9e). En pr\u00e9sence d\u2019un Acheteur n\u2019ayant pas la qualit\u00e9 de commer\u00e7ant, le Vendeur devra saisir toute autre juridiction comp\u00e9tente.<\/p>\n\n\n\n<p>Cette clause s&rsquo;applique m\u00eame en cas de proc\u00e9dure en r\u00e9f\u00e9r\u00e9, de demande incidente ou de pluralit\u00e9 de d\u00e9fendeurs ou d&rsquo;appel en garantie, et quelles que soient les modalit\u00e9s de paiement, sans que les clauses attributives de juridiction pouvant exister sur les documents des Acheteurs puissent faire obstacle \u00e0 l&rsquo;application de la pr\u00e9sente clause.&nbsp;<\/p>\n\n\n\n<p>SAS Routhiau et Fils &#8211; Si\u00e8ge social : 2 &#8211; Rue Blaise Pascal- LES CLOUZEAUX- 85430 AUBIGNY LES CLOUZEAUX<br>Au capital de 400 000 \u20ac &#8211; 786 443 150 RCS LA ROCHE SUR YON &#8211; SIREN 786 443 150 &#8211; APE 4674B<\/p>\n\n\n\n<h2 class=\"wp-block-heading\"><strong>Article 11 \u2013 Autres mentions<\/strong><\/h2>\n\n\n\n<p>ROUTHIAU est enregistr\u00e9 au Registre national des metteurs sur le march\u00e9 d\u2019\u00e9l\u00e9ments d\u2019ameublement sous le num\u00e9ro FR010806_10OHUE. Ce num\u00e9ro garantit que ROUTHIAU, en adh\u00e9rant \u00e0 Eco-mobilier, est en conformit\u00e9 avec les obligations r\u00e9glementaires qui lui incombent en application de l\u2019article L541-10-6 du Code de l\u2019environnement.<\/p>\n\n\n\n<p>ROUTHIAU est enregistr\u00e9 au Registre national des metteurs sur le march\u00e9 d\u2019EEE m\u00e9nagers sous le num\u00e9ro FR010806_05Y53Q. Ce num\u00e9ro garantit que ROUTHIAU, en adh\u00e9rant \u00e0 Ecosystem, est en conformit\u00e9 avec les obligations r\u00e9glementaires qui lui incombent en application de l\u2019article L541-10-6 du Code de l\u2019environnement.<\/p>\n\n\n\n<p>ROUTHIAU est enregistr\u00e9 au Registre national des metteurs sur le march\u00e9 des emballages m\u00e9nagers et des papiers graphiques sous le num\u00e9ro FR232774_03EARY. Ce num\u00e9ro garantit que ROUTHIAU, en adh\u00e9rant \u00e0 Citeo, est en conformit\u00e9 avec les obligations r\u00e9glementaires qui lui incombent en application de l\u2019article L541-10-6 du Code de l\u2019environnement.<\/p>\n\n\n\n<p>ROUTHIAU est enregistr\u00e9 au Registre national des metteurs sur le march\u00e9 des produits et mat\u00e9riaux de construction de b\u00e2timent sous le num\u00e9ro FR232774_04KVIZ. Ce num\u00e9ro garantit que ROUTHIAU, en adh\u00e9rant \u00e0 Valobat, est en conformit\u00e9 avec les obligations r\u00e9glementaires qui lui incombent en application de l\u2019article L541-10 du Code de l\u2019environnement.<\/p>\n","protected":false},"excerpt":{"rendered":"<p>Article 1 &#8211; Champ d\u2019application Les pr\u00e9sentes Conditions G\u00e9n\u00e9rales s\u2019appliquent aux ventes par la soci\u00e9t\u00e9 ROUTHIAU &amp; Fils de produits neufs aux clients professionnels ci-apr\u00e8s \u00ab&nbsp;le Client, l&rsquo;Acheteur ou l&rsquo;Acqu\u00e9reur&nbsp;\u00bb. Le fait de passer commande implique l\u2019adh\u00e9sion, sans aucune r\u00e9serve, du Client aux pr\u00e9sentes C.G.V, et ce nonobstant toute disposition contraire qui sera, \u00e0 d\u00e9faut [&hellip;]<\/p>\n","protected":false},"author":1,"featured_media":0,"parent":0,"menu_order":0,"comment_status":"closed","ping_status":"closed","template":"","meta":{"_acf_changed":false,"footnotes":""},"acf":[],"yoast_head":"<!-- This site is optimized with the Yoast SEO plugin v23.4 - https:\/\/yoast.com\/wordpress\/plugins\/seo\/ -->\n<title>Conditions g\u00e9n\u00e9rales de vente aux professionnels - Routhiau<\/title>\n<meta name=\"robots\" content=\"index, follow, max-snippet:-1, max-image-preview:large, max-video-preview:-1\" \/>\n<link rel=\"canonical\" href=\"https:\/\/www.routhiau.fr\/cms\/conditions-generales-de-vente-aux-professionnels\/\" \/>\n<meta property=\"og:locale\" content=\"fr_FR\" \/>\n<meta property=\"og:type\" content=\"article\" \/>\n<meta property=\"og:title\" content=\"Conditions g\u00e9n\u00e9rales de vente aux professionnels - Routhiau\" \/>\n<meta property=\"og:description\" content=\"Article 1 &#8211; Champ d\u2019application Les pr\u00e9sentes Conditions G\u00e9n\u00e9rales s\u2019appliquent aux ventes par la soci\u00e9t\u00e9 ROUTHIAU &amp; Fils de produits neufs aux clients professionnels ci-apr\u00e8s \u00ab&nbsp;le Client, l&rsquo;Acheteur ou l&rsquo;Acqu\u00e9reur&nbsp;\u00bb. Le fait de passer commande implique l\u2019adh\u00e9sion, sans aucune r\u00e9serve, du Client aux pr\u00e9sentes C.G.V, et ce nonobstant toute disposition contraire qui sera, \u00e0 d\u00e9faut [&hellip;]\" \/>\n<meta property=\"og:url\" content=\"https:\/\/www.routhiau.fr\/cms\/conditions-generales-de-vente-aux-professionnels\/\" \/>\n<meta property=\"og:site_name\" content=\"Routhiau\" \/>\n<meta property=\"article:publisher\" content=\"https:\/\/www.facebook.com\/routhiausas\" \/>\n<meta property=\"article:modified_time\" content=\"2023-01-02T07:40:31+00:00\" \/>\n<meta property=\"og:image\" content=\"https:\/\/i0.wp.com\/www.routhiau.fr\/cms\/wp-content\/uploads\/2021\/09\/screenshot-e1632991093958.jpg?fit=1024%2C680&ssl=1\" \/>\n\t<meta property=\"og:image:width\" content=\"1024\" \/>\n\t<meta property=\"og:image:height\" content=\"680\" \/>\n\t<meta property=\"og:image:type\" content=\"image\/jpeg\" \/>\n<meta name=\"twitter:card\" content=\"summary_large_image\" \/>\n<meta name=\"twitter:label1\" content=\"Dur\u00e9e de lecture estim\u00e9e\" \/>\n\t<meta name=\"twitter:data1\" content=\"8 minutes\" \/>\n<script type=\"application\/ld+json\" class=\"yoast-schema-graph\">{\"@context\":\"https:\/\/schema.org\",\"@graph\":[{\"@type\":\"WebPage\",\"@id\":\"https:\/\/www.routhiau.fr\/cms\/conditions-generales-de-vente-aux-professionnels\/\",\"url\":\"https:\/\/www.routhiau.fr\/cms\/conditions-generales-de-vente-aux-professionnels\/\",\"name\":\"Conditions g\u00e9n\u00e9rales de vente aux professionnels - Routhiau\",\"isPartOf\":{\"@id\":\"https:\/\/www.routhiau.fr\/cms\/#website\"},\"datePublished\":\"2020-10-29T07:15:40+00:00\",\"dateModified\":\"2023-01-02T07:40:31+00:00\",\"breadcrumb\":{\"@id\":\"https:\/\/www.routhiau.fr\/cms\/conditions-generales-de-vente-aux-professionnels\/#breadcrumb\"},\"inLanguage\":\"fr-FR\",\"potentialAction\":[{\"@type\":\"ReadAction\",\"target\":[\"https:\/\/www.routhiau.fr\/cms\/conditions-generales-de-vente-aux-professionnels\/\"]}]},{\"@type\":\"BreadcrumbList\",\"@id\":\"https:\/\/www.routhiau.fr\/cms\/conditions-generales-de-vente-aux-professionnels\/#breadcrumb\",\"itemListElement\":[{\"@type\":\"ListItem\",\"position\":1,\"name\":\"Home\",\"item\":\"https:\/\/www.routhiau.fr\/cms\/\"},{\"@type\":\"ListItem\",\"position\":2,\"name\":\"Conditions g\u00e9n\u00e9rales de vente aux professionnels\"}]},{\"@type\":\"WebSite\",\"@id\":\"https:\/\/www.routhiau.fr\/cms\/#website\",\"url\":\"https:\/\/www.routhiau.fr\/cms\/\",\"name\":\"Routhiau\",\"description\":\"Votre expert en salle de bains, plomberie, chauffage, climatisation et \u00e9lectricit\u00e9. 8 showrooms salle de bains et 15 magasins plomberie, chauffage, climatisation et \u00e9lectricit\u00e9 r\u00e9partis dans tout le grand Ouest !\",\"publisher\":{\"@id\":\"https:\/\/www.routhiau.fr\/cms\/#organization\"},\"potentialAction\":[{\"@type\":\"SearchAction\",\"target\":{\"@type\":\"EntryPoint\",\"urlTemplate\":\"https:\/\/www.routhiau.fr\/cms\/?s={search_term_string}\"},\"query-input\":{\"@type\":\"PropertyValueSpecification\",\"valueRequired\":true,\"valueName\":\"search_term_string\"}}],\"inLanguage\":\"fr-FR\"},{\"@type\":\"Organization\",\"@id\":\"https:\/\/www.routhiau.fr\/cms\/#organization\",\"name\":\"Routhiau\",\"url\":\"https:\/\/www.routhiau.fr\/cms\/\",\"logo\":{\"@type\":\"ImageObject\",\"inLanguage\":\"fr-FR\",\"@id\":\"https:\/\/www.routhiau.fr\/cms\/#\/schema\/logo\/image\/\",\"url\":\"https:\/\/www.routhiau.fr\/cms\/wp-content\/uploads\/2021\/09\/Logo-Routhiau.png\",\"contentUrl\":\"https:\/\/www.routhiau.fr\/cms\/wp-content\/uploads\/2021\/09\/Logo-Routhiau.png\",\"width\":4961,\"height\":1486,\"caption\":\"Routhiau\"},\"image\":{\"@id\":\"https:\/\/www.routhiau.fr\/cms\/#\/schema\/logo\/image\/\"},\"sameAs\":[\"https:\/\/www.facebook.com\/routhiausas\",\"https:\/\/www.instagram.com\/societe_routhiau\",\"https:\/\/www.linkedin.com\/company\/routhiau-sas\"]}]}<\/script>\n<!-- \/ Yoast SEO plugin. -->","yoast_head_json":{"title":"Conditions g\u00e9n\u00e9rales de vente aux professionnels - Routhiau","robots":{"index":"index","follow":"follow","max-snippet":"max-snippet:-1","max-image-preview":"max-image-preview:large","max-video-preview":"max-video-preview:-1"},"canonical":"https:\/\/www.routhiau.fr\/cms\/conditions-generales-de-vente-aux-professionnels\/","og_locale":"fr_FR","og_type":"article","og_title":"Conditions g\u00e9n\u00e9rales de vente aux professionnels - Routhiau","og_description":"Article 1 &#8211; Champ d\u2019application Les pr\u00e9sentes Conditions G\u00e9n\u00e9rales s\u2019appliquent aux ventes par la soci\u00e9t\u00e9 ROUTHIAU &amp; Fils de produits neufs aux clients professionnels ci-apr\u00e8s \u00ab&nbsp;le Client, l&rsquo;Acheteur ou l&rsquo;Acqu\u00e9reur&nbsp;\u00bb. Le fait de passer commande implique l\u2019adh\u00e9sion, sans aucune r\u00e9serve, du Client aux pr\u00e9sentes C.G.V, et ce nonobstant toute disposition contraire qui sera, \u00e0 d\u00e9faut [&hellip;]","og_url":"https:\/\/www.routhiau.fr\/cms\/conditions-generales-de-vente-aux-professionnels\/","og_site_name":"Routhiau","article_publisher":"https:\/\/www.facebook.com\/routhiausas","article_modified_time":"2023-01-02T07:40:31+00:00","og_image":[{"width":1024,"height":680,"url":"https:\/\/i0.wp.com\/www.routhiau.fr\/cms\/wp-content\/uploads\/2021\/09\/screenshot-e1632991093958.jpg?fit=1024%2C680&ssl=1","type":"image\/jpeg"}],"twitter_card":"summary_large_image","twitter_misc":{"Dur\u00e9e de lecture estim\u00e9e":"8 minutes"},"schema":{"@context":"https:\/\/schema.org","@graph":[{"@type":"WebPage","@id":"https:\/\/www.routhiau.fr\/cms\/conditions-generales-de-vente-aux-professionnels\/","url":"https:\/\/www.routhiau.fr\/cms\/conditions-generales-de-vente-aux-professionnels\/","name":"Conditions g\u00e9n\u00e9rales de vente aux professionnels - Routhiau","isPartOf":{"@id":"https:\/\/www.routhiau.fr\/cms\/#website"},"datePublished":"2020-10-29T07:15:40+00:00","dateModified":"2023-01-02T07:40:31+00:00","breadcrumb":{"@id":"https:\/\/www.routhiau.fr\/cms\/conditions-generales-de-vente-aux-professionnels\/#breadcrumb"},"inLanguage":"fr-FR","potentialAction":[{"@type":"ReadAction","target":["https:\/\/www.routhiau.fr\/cms\/conditions-generales-de-vente-aux-professionnels\/"]}]},{"@type":"BreadcrumbList","@id":"https:\/\/www.routhiau.fr\/cms\/conditions-generales-de-vente-aux-professionnels\/#breadcrumb","itemListElement":[{"@type":"ListItem","position":1,"name":"Home","item":"https:\/\/www.routhiau.fr\/cms\/"},{"@type":"ListItem","position":2,"name":"Conditions g\u00e9n\u00e9rales de vente aux professionnels"}]},{"@type":"WebSite","@id":"https:\/\/www.routhiau.fr\/cms\/#website","url":"https:\/\/www.routhiau.fr\/cms\/","name":"Routhiau","description":"Votre expert en salle de bains, plomberie, chauffage, climatisation et \u00e9lectricit\u00e9. 8 showrooms salle de bains et 15 magasins plomberie, chauffage, climatisation et \u00e9lectricit\u00e9 r\u00e9partis dans tout le grand Ouest !","publisher":{"@id":"https:\/\/www.routhiau.fr\/cms\/#organization"},"potentialAction":[{"@type":"SearchAction","target":{"@type":"EntryPoint","urlTemplate":"https:\/\/www.routhiau.fr\/cms\/?s={search_term_string}"},"query-input":{"@type":"PropertyValueSpecification","valueRequired":true,"valueName":"search_term_string"}}],"inLanguage":"fr-FR"},{"@type":"Organization","@id":"https:\/\/www.routhiau.fr\/cms\/#organization","name":"Routhiau","url":"https:\/\/www.routhiau.fr\/cms\/","logo":{"@type":"ImageObject","inLanguage":"fr-FR","@id":"https:\/\/www.routhiau.fr\/cms\/#\/schema\/logo\/image\/","url":"https:\/\/www.routhiau.fr\/cms\/wp-content\/uploads\/2021\/09\/Logo-Routhiau.png","contentUrl":"https:\/\/www.routhiau.fr\/cms\/wp-content\/uploads\/2021\/09\/Logo-Routhiau.png","width":4961,"height":1486,"caption":"Routhiau"},"image":{"@id":"https:\/\/www.routhiau.fr\/cms\/#\/schema\/logo\/image\/"},"sameAs":["https:\/\/www.facebook.com\/routhiausas","https:\/\/www.instagram.com\/societe_routhiau","https:\/\/www.linkedin.com\/company\/routhiau-sas"]}]}},"_links":{"self":[{"href":"https:\/\/www.routhiau.fr\/cms\/wp-json\/wp\/v2\/pages\/134"}],"collection":[{"href":"https:\/\/www.routhiau.fr\/cms\/wp-json\/wp\/v2\/pages"}],"about":[{"href":"https:\/\/www.routhiau.fr\/cms\/wp-json\/wp\/v2\/types\/page"}],"author":[{"embeddable":true,"href":"https:\/\/www.routhiau.fr\/cms\/wp-json\/wp\/v2\/users\/1"}],"replies":[{"embeddable":true,"href":"https:\/\/www.routhiau.fr\/cms\/wp-json\/wp\/v2\/comments?post=134"}],"version-history":[{"count":7,"href":"https:\/\/www.routhiau.fr\/cms\/wp-json\/wp\/v2\/pages\/134\/revisions"}],"predecessor-version":[{"id":6630,"href":"https:\/\/www.routhiau.fr\/cms\/wp-json\/wp\/v2\/pages\/134\/revisions\/6630"}],"wp:attachment":[{"href":"https:\/\/www.routhiau.fr\/cms\/wp-json\/wp\/v2\/media?parent=134"}],"curies":[{"name":"wp","href":"https:\/\/api.w.org\/{rel}","templated":true}]}}